{"id":2460,"date":"2023-03-06T16:26:49","date_gmt":"2023-03-06T15:26:49","guid":{"rendered":"https:\/\/inomo.titanit.casasoft.ch\/kontakt\/"},"modified":"2024-04-15T12:50:58","modified_gmt":"2024-04-15T10:50:58","slug":"contact","status":"publish","type":"page","link":"https:\/\/inomo.ch\/fr\/contact\/","title":{"rendered":"Contact"},"content":{"rendered":"\n<div \n     class=\"\n        content-wrapper \n        content-wrapper--padding-top-none        content-wrapper--padding-bottom-none \n        content-wrapper--background-color-white \n         \n         \n         \n         \n                \n        banner-slider        \n    \">\n    <div class=\"content-wrapper__anchor\" id=\"\"><\/div>\n    <div class=\"container-fluid \" style=\"margin-top: px; margin-bottom: px;\">\n        <div class=\"acf-innerblocks-container\">\n\n    <div class=\"video-module__video\">\n        <video id=\"videoCanvas\" autoplay loop muted playsinline>\n            <source src=\"https:\/\/inomo.ch\/wp-content\/uploads\/sites\/24\/2024\/04\/Film_18_opt.mp4\" type=\"video\/mp4\">\n                    <\/video>\n    <\/div>\n\n<\/div>\n    <\/div>\n<\/div>\n\n\n<div \n     class=\"\n        content-wrapper \n        content-wrapper--padding-top-default        content-wrapper--padding-bottom-small \n        content-wrapper--background-color-white \n         \n         \n         \n         \n                \n                \n    \">\n    <div class=\"content-wrapper__anchor\" id=\"\"><\/div>\n    <div class=\"container \" style=\"margin-top: px; margin-bottom: px;\">\n        <div class=\"acf-innerblocks-container\">\n\n<div class=\"wp-block-columns is-layout-flex wp-container-core-columns-is-layout-28f84493 wp-block-columns-is-layout-flex\">\n<div class=\"wp-block-column is-layout-flow wp-block-column-is-layout-flow\" style=\"flex-basis:16%\"><\/div>\n\n\n\n<div class=\"wp-block-column is-layout-flow wp-block-column-is-layout-flow\"><div class=\"text-module content-block\">\n            <div class=\"text-module__text cs-text-thin \"> \n            <h4>Contact<\/h4>\n<h1>Si vous avez des questions, nous serons heureux de vous aider<\/h1>\n        <\/div>\n        <\/div>\n\n\n<div class=\"text-module content-block\">\n            <div class=\"text-module__text cs-text-thin  text-module__text--offset \"> \n            <p>Nous nous r\u00e9jouissons de votre prise de contact !<\/p>\n        <\/div>\n        <\/div>\n<\/div>\n\n\n\n<div class=\"wp-block-column is-layout-flow wp-block-column-is-layout-flow\" style=\"flex-basis:16%\"><\/div>\n<\/div>\n\n<\/div>\n    <\/div>\n<\/div>\n\n\n<div \n     class=\"\n        content-wrapper \n        content-wrapper--padding-top-small        content-wrapper--padding-bottom-small \n        content-wrapper--background-color-white \n         \n         \n         \n         \n                \n                \n    \">\n    <div class=\"content-wrapper__anchor\" id=\"\"><\/div>\n    <div class=\"container \" style=\"margin-top: px; margin-bottom: px;\">\n        <div class=\"acf-innerblocks-container\">\n<div class=\"icon-list-module  content-block \">\n            <div class=\"icon-list-module__items\">\n            <div class=\"row horizontal-gap-xl\">\n                                    <div class=\"col-lg-4\">\n\n                                                                        \n                                                                        <div class=\"icon-list-module__items__item\">\n                                                                                        <svg width=\"64\" height=\"64\" viewBox=\"0 0 64 64\" fill=\"none\" xmlns=\"http:\/\/www.w3.org\/2000\/svg\">\n                                <circle cx=\"32\" cy=\"32\" r=\"32\" fill=\"#51655D\" class=\"fill-primary\" \/>\n                                <g clip-path=\"url(#clip0_679_2104)\">\n                                <path d=\"M25.9894 29.3507C26.2372 29.103 26.4337 28.809 26.5678 28.4854C26.7019 28.1618 26.7709 27.815 26.7709 27.4647C26.7709 27.1144 26.7019 26.7675 26.5678 26.4439C26.4337 26.1203 26.2372 25.8263 25.9894 25.5787L23.1601 22.7507C22.66 22.2508 21.9819 21.9699 21.2748 21.9699C20.5677 21.9699 19.8895 22.2508 19.3894 22.7507L17.8374 24.3027C17.187 24.955 16.7817 25.8117 16.6899 26.7283C16.598 27.6448 16.8254 28.565 17.3334 29.3333C21.9001 36.2071 27.793 42.1 34.6668 46.6667C35.4353 47.1746 36.3555 47.4017 37.2721 47.3096C38.1886 47.2176 39.0453 46.812 39.6974 46.1613L41.2508 44.6093C41.7507 44.1093 42.0315 43.4311 42.0315 42.724C42.0315 42.0169 41.7507 41.3387 41.2508 40.8387L38.4214 38.0107C37.9214 37.5108 37.2432 37.2299 36.5361 37.2299C35.829 37.2299 35.1508 37.5108 34.6508 38.0107L33.7081 38.9533C30.5454 36.3519 27.6428 33.4494 25.0414 30.2867L25.9894 29.3507Z\" stroke=\"white\" stroke-linecap=\"round\" stroke-linejoin=\"round\"\/>\n                                <path d=\"M32 16.6667C36.0667 16.6667 39.9667 18.2822 42.8423 21.1577C45.7179 24.0333 47.3333 27.9334 47.3333 32\" stroke=\"white\" stroke-linecap=\"round\" stroke-linejoin=\"round\"\/>\n                                <path d=\"M32 22C34.6522 22 37.1957 23.0536 39.0711 24.9289C40.9464 26.8043 42 29.3478 42 32\" stroke=\"white\" stroke-linecap=\"round\" stroke-linejoin=\"round\"\/>\n                                <path d=\"M32 27.3333C33.2377 27.3333 34.4247 27.825 35.2998 28.7001C36.175 29.5753 36.6667 30.7623 36.6667 32\" stroke=\"white\" stroke-linecap=\"round\" stroke-linejoin=\"round\"\/>\n                                <\/g>\n                                <defs>\n                                <clipPath id=\"clip0_679_2104\">\n                                <rect width=\"32\" height=\"32\" fill=\"white\" transform=\"translate(16 16)\"\/>\n                                <\/clipPath>\n                                <\/defs>\n                                <\/svg>\n                                                                                        <div class=\"icon-list-module__items__item__content\">\n                                                                                                                <p style=\"text-align: center;\"><strong><a href=\"tel:+41784224128\">+41 78 422 41 28<\/a><\/strong><\/p>\n                                                                    <\/div>\n                                                    <\/div>\n                    <\/div>\n                                    <div class=\"col-lg-4\">\n\n                                                                        \n                                                                        <div class=\"icon-list-module__items__item\">\n                                                                                        <svg width=\"64\" height=\"64\" viewBox=\"0 0 64 64\" fill=\"none\" xmlns=\"http:\/\/www.w3.org\/2000\/svg\">\n                                <circle cx=\"32\" cy=\"32\" r=\"32\" fill=\"#51655D\" class=\"fill-primary\"\/>\n                                <g clip-path=\"url(#clip0_679_2105)\">\n                                <path d=\"M31.6667 17C33.0674 17 34.4545 17.2759 35.7486 17.812C37.0428 18.348 38.2186 19.1337 39.2091 20.1242C40.1996 21.1147 40.9853 22.2906 41.5214 23.5847C42.0574 24.8788 42.3333 26.2659 42.3333 27.6667C42.3333 32.657 34.6779 43.9128 32.3378 47.2392C32.2621 47.3469 32.1616 47.4347 32.0448 47.4954C31.928 47.5561 31.7983 47.5877 31.6667 47.5877C31.535 47.5877 31.4053 47.5561 31.2885 47.4954C31.1717 47.4347 31.0712 47.3469 30.9955 47.2392C28.6554 43.9128 21 32.657 21 27.6667C21 24.8377 22.1238 22.1246 24.1242 20.1242C26.1246 18.1238 28.8377 17 31.6667 17V17Z\" stroke=\"white\" stroke-linecap=\"round\" stroke-linejoin=\"round\"\/>\n                                <path d=\"M31.6654 33C34.6109 33 36.9987 30.6122 36.9987 27.6666C36.9987 24.7211 34.6109 22.3333 31.6654 22.3333C28.7198 22.3333 26.332 24.7211 26.332 27.6666C26.332 30.6122 28.7198 33 31.6654 33Z\" stroke=\"white\" stroke-linecap=\"round\" stroke-linejoin=\"round\"\/>\n                                <\/g>\n                                <defs>\n                                <clipPath id=\"clip0_679_2105\">\n                                <rect width=\"32\" height=\"32\" fill=\"white\" transform=\"translate(16 16)\"\/>\n                                <\/clipPath>\n                                <\/defs>\n                                <\/svg>\n                                                                                        <div class=\"icon-list-module__items__item__content\">\n                                                                                                                <p style=\"text-align: center;\"><strong>Sonneggstrasse 15<\/strong><br \/>\n<strong>3076 Worb<\/strong><\/p>\n                                                                    <\/div>\n                                                    <\/div>\n                    <\/div>\n                                    <div class=\"col-lg-4\">\n\n                                                                        \n                                                                        <div class=\"icon-list-module__items__item\">\n                                                                                        <div class=\"icon-list-bg\">\n                                <svg width=\"32\" height=\"27\" viewBox=\"0 0 32 27\" fill=\"none\" xmlns=\"http:\/\/www.w3.org\/2000\/svg\">\n                        <path d=\"M31.3327 19.3729C31.3344 19.592 31.284 19.8092 31.1843 20.0121C31.0846 20.215 30.9375 20.3994 30.7516 20.5549C30.5657 20.7103 30.3447 20.8337 30.1011 20.9179C29.8576 21.0021 29.5965 21.0454 29.3327 21.0454H6.66602C6.13558 21.0454 5.62687 20.8704 5.2518 20.5588C4.87673 20.2472 4.66602 19.8246 4.66602 19.384V3.87681C4.66602 3.43616 4.87673 3.01356 5.2518 2.70197C5.62687 2.39038 6.13558 2.21533 6.66602 2.21533H29.3327C29.8631 2.21533 30.3718 2.39038 30.7469 2.70197C31.122 3.01356 31.3327 3.43616 31.3327 3.87681V19.3729Z\" stroke=\"white\" stroke-linecap=\"round\" stroke-linejoin=\"round\"\/>\n                        <path d=\"M30.7453 2.69165L17.9986 12.727L5.25195 2.69165\" stroke=\"white\" stroke-linecap=\"round\" stroke-linejoin=\"round\"\/>\n                        <path d=\"M4.66602 6.64594H1.99935C1.64573 6.64594 1.30659 6.76263 1.05654 6.97036C0.806491 7.17808 0.666016 7.45982 0.666016 7.75359V23.2607C0.666016 23.5545 0.806491 23.8362 1.05654 24.044C1.30659 24.2517 1.64573 24.3684 1.99935 24.3684H24.666C25.0196 24.3684 25.3588 24.2517 25.6088 24.044C25.8589 23.8362 25.9993 23.5545 25.9993 23.2607V21.0454\" stroke=\"white\" stroke-linecap=\"round\" stroke-linejoin=\"round\"\/>\n                        <\/svg>\n\n                                <\/div>\n                                                                                        <div class=\"icon-list-module__items__item__content\">\n                                                                                                                <p style=\"text-align: center;\"><strong><a href=\"mailto:michael.nuessli@hotmail.com\">michael.nuessli@hotmail.com<\/a><\/strong><\/p>\n                                                                    <\/div>\n                                                    <\/div>\n                    <\/div>\n                            <\/div>\n        <\/div>\n    <\/div>\n\n<\/div>\n    <\/div>\n<\/div>\n\n\n<div \n     class=\"\n        content-wrapper \n        content-wrapper--padding-top-small        content-wrapper--padding-bottom-default \n        content-wrapper--background-color-white \n         \n         \n         \n         \n                \n                \n    \">\n    <div class=\"content-wrapper__anchor\" id=\"\"><\/div>\n    <div class=\"container \" style=\"margin-top: px; margin-bottom: px;\">\n        <div class=\"acf-innerblocks-container\">\n\n<div class=\"wp-block-columns is-layout-flex wp-container-core-columns-is-layout-28f84493 wp-block-columns-is-layout-flex\">\n<div class=\"wp-block-column is-layout-flow wp-block-column-is-layout-flow\" style=\"flex-basis:16%\"><\/div>\n\n\n\n<div class=\"wp-block-column is-layout-flow wp-block-column-is-layout-flow\"><div class=\"text-module content-block\">\n            <div class=\"text-module__text cs-text-thin \"> \n            <h2>Contact<\/h2>\n        <\/div>\n                                            \n                        \n\t\n\t\n\n\n\t<form action=\"https&#x3A;&#x2F;&#x2F;inomo.ch&#x2F;fr&#x2F;contact&#x2F;&#x23;casawpPropertyContactForm\" method=\"POST\" name=\"contact\" id=\"casawpPropertyContactForm\" class=\"casawp-contactform-form\">\t<input type=\"hidden\" name=\"form_id\" value=\"normal\">\t<input type=\"hidden\" id=\"_wpnonce\" name=\"_wpnonce\" value=\"01ad24036a\" \/><input type=\"hidden\" name=\"_wp_http_referer\" value=\"\/fr\/wp-json\/wp\/v2\/pages\/2460\" \/>\t<input id=\"theApsoluteRealEmailField\" type=\"text\" name=\"email\" value=\"\" placeholder=\"NlChT8 AuSf$lLeN\">\n\n\t<div class=\"casawp-gender-radios\">\n\t\t\n<div class=\"form-group  \">\n\t<label for=\"contactFormgender\" class=\"control-label\">Titre<\/label>\n\t<label><input type=\"radio\" name=\"gender\" class=\"form-control&#x20;casawp-form-control&#x20;\" id=\"contactFormgender\" value=\"2\" checked=\"checked\">Madame<\/label><label><input type=\"radio\" name=\"gender\" class=\"form-control&#x20;casawp-form-control&#x20;\" value=\"1\">Monsieur<\/label>\t<\/div>\t<\/div>\n\t<div class=\"row\">\n\t\t<div class=\"col-lg-6\">\n\t\t\t\n<div class=\"form-group is-required \">\n\t<label for=\"contactFormfirstname\" class=\"control-label\">Pr\u00e9nom<\/label>\n\t<input type=\"text\" name=\"firstname\" required=\"required\" class=\"form-control&#x20;casawp-form-control&#x20;\" id=\"contactFormfirstname\" value=\"\">\t<\/div>\t\t<\/div>\n\t\t<div class=\"col-lg-6\">\n\t\t\t\n<div class=\"form-group is-required \">\n\t<label for=\"contactFormlastname\" class=\"control-label\">Nom<\/label>\n\t<input type=\"text\" name=\"lastname\" required=\"required\" class=\"form-control&#x20;casawp-form-control&#x20;\" id=\"contactFormlastname\" value=\"\">\t<\/div>\t\t<\/div>\n\t<\/div>\n\t\n<div class=\"form-group  \">\n\t<label for=\"contactFormlegal_name\" class=\"control-label\">Soci\u00e9t\u00e9<\/label>\n\t<input type=\"text\" name=\"legal_name\" class=\"form-control&#x20;casawp-form-control&#x20;\" id=\"contactFormlegal_name\" value=\"\">\t<\/div>\t\n<div class=\"form-group  \">\n\t<label for=\"contactFormstreet\" class=\"control-label\">Rue<\/label>\n\t<input type=\"text\" name=\"street\" class=\"form-control&#x20;casawp-form-control&#x20;\" id=\"contactFormstreet\" value=\"\">\t<\/div>\t<div class=\"row\">\n\t\t<div class=\"col-lg-6\">\n\t\t\t\n<div class=\"form-group  \">\n\t<label for=\"contactFormpostal_code\" class=\"control-label\">Code postal<\/label>\n\t<input type=\"text\" name=\"postal_code\" class=\"form-control&#x20;casawp-form-control&#x20;\" id=\"contactFormpostal_code\" value=\"\">\t<\/div>\t\t<\/div>\n\t\t<div class=\"col-lg-6\">\n\t\t\t\n<div class=\"form-group  \">\n\t<label for=\"contactFormlocality\" class=\"control-label\">Localit\u00e9<\/label>\n\t<input type=\"text\" name=\"locality\" class=\"form-control&#x20;casawp-form-control&#x20;\" id=\"contactFormlocality\" value=\"\">\t<\/div>\t\t<\/div>\n\t<\/div>\n\t<div class=\"row\">\n\t\t<div class=\"col-lg-12\">\n\t\t\t\n<div class=\"form-group  \">\n\t<label for=\"contactFormcountry\" class=\"control-label\">Pays<\/label>\n\t<select name=\"country\" class=\"form-control&#x20;casawp-form-control&#x20;\" id=\"contactFormcountry\"><option value=\"CH\">Suisse<\/option>\n<option value=\"AL\">Albanie<\/option>\n<option value=\"DE\">Allemagne<\/option>\n<option value=\"AD\">Andorre<\/option>\n<option value=\"AT\">Autriche<\/option>\n<option value=\"BE\">Belgique<\/option>\n<option value=\"BA\">Bosnie-Herz\u00e9govine<\/option>\n<option value=\"BG\">Bulgarie<\/option>\n<option value=\"BY\">B\u00e9larus<\/option>\n<option value=\"CY\">Chypre<\/option>\n<option value=\"HR\">Croatie<\/option>\n<option value=\"DK\">Danemark<\/option>\n<option value=\"ES\">Espagne<\/option>\n<option value=\"EE\">Estonie<\/option>\n<option value=\"FI\">Finlande<\/option>\n<option value=\"FR\">France<\/option>\n<option value=\"GI\">Gibraltar<\/option>\n<option value=\"GR\">Gr\u00e8ce<\/option>\n<option value=\"HU\">Hongrie<\/option>\n<option value=\"IE\">Irlande<\/option>\n<option value=\"IS\">Islande<\/option>\n<option value=\"IT\">Italie<\/option>\n<option value=\"IM\">\u00cele de Man<\/option>\n<option value=\"FO\">\u00celes F\u00e9ro\u00e9<\/option>\n<option value=\"LV\">Lettonie<\/option>\n<option value=\"LI\">Liechtenstein<\/option>\n<option value=\"LT\">Lituanie<\/option>\n<option value=\"LU\">Luxembourg<\/option>\n<option value=\"MK\">Mac\u00e9doine<\/option>\n<option value=\"MT\">Malte<\/option>\n<option value=\"MD\">Moldavie<\/option>\n<option value=\"MC\">Monaco<\/option>\n<option value=\"ME\">Mont\u00e9n\u00e9gro<\/option>\n<option value=\"NO\">Norv\u00e8ge<\/option>\n<option value=\"NL\">Pays-Bas<\/option>\n<option value=\"PL\">Pologne<\/option>\n<option value=\"PT\">Portugal<\/option>\n<option value=\"RO\">Roumanie<\/option>\n<option value=\"GB\">Royaume-Uni<\/option>\n<option value=\"RU\">Russie<\/option>\n<option value=\"CZ\">R\u00e9publique tch\u00e8que<\/option>\n<option value=\"SM\">Saint-Marin<\/option>\n<option value=\"RS\">Serbie<\/option>\n<option value=\"SK\">Slovaquie<\/option>\n<option value=\"SI\">Slov\u00e9nie<\/option>\n<option value=\"SE\">Su\u00e8de<\/option>\n<option value=\"UA\">Ukraine<\/option>\n<option value=\"VA\">Vatican<\/option>\n<option value=\"AE\">\u00c9mirats arabes unis<\/option>\n<option value=\"other\">Autre<\/option><\/select>\t<\/div>\t\t\t<div class=\"select-icon\">\n\t\t\t\t<svg width=\"16\" height=\"16\" viewBox=\"0 0 16 16\" fill=\"none\" xmlns=\"http:\/\/www.w3.org\/2000\/svg\">\n\t\t\t\t\t<path d=\"M1 8C1 11.866 4.13401 15 8 15C11.866 15 15 11.866 15 8C15 4.13401 11.866 1 8 1C4.13401 1 1 4.13401 1 8Z\" stroke=\"#3F3F3F\" stroke-linecap=\"round\" stroke-linejoin=\"round\"\/>\n\t\t\t\t\t<path d=\"M4.04343 5.86987L7.75651 10.7359C7.78491 10.7731 7.82152 10.8033 7.86348 10.824C7.90545 10.8448 7.95164 10.8556 7.99846 10.8556C8.04529 10.8556 8.09148 10.8448 8.13344 10.824C8.17541 10.8033 8.21202 10.7731 8.24042 10.7359L11.9565 5.86987\" stroke=\"#3F3F3F\" stroke-linecap=\"round\" stroke-linejoin=\"round\"\/>\n\t\t\t\t<\/svg>\n\t\t\t<\/div>\n\t\t<\/div>\n\t<\/div>\n\t<div class=\"row\">\n\t\t<div class=\"col-lg-6\">\n\t\t\t\n<div class=\"form-group is-required \">\n\t<label for=\"contactFormemailreal\" class=\"control-label\">E-mail<\/label>\n\t<input type=\"text\" name=\"emailreal\" required=\"required\" class=\"form-control&#x20;casawp-form-control&#x20;\" id=\"contactFormemailreal\" value=\"\">\t<\/div>\t\t<\/div>\n\t\t<div class=\"col-lg-6\">\n\t\t\t\n<div class=\"form-group  \">\n\t<label for=\"contactFormphone\" class=\"control-label\">T\u00e9l\u00e9phone<\/label>\n\t<input type=\"text\" name=\"phone\" class=\"form-control&#x20;casawp-form-control&#x20;\" id=\"contactFormphone\" value=\"\">\t<\/div>\t\t<\/div>\n\t<\/div>\n\t\t\n<div class=\"form-group  \">\n\t<label for=\"contactFormmessage\" class=\"control-label\">Message<\/label>\n\t<textarea name=\"message\" rows=\"3\" class=\"form-control&#x20;casawp-form-control&#x20;\" id=\"contactFormmessage\"><\/textarea>\t<\/div>\n\t\n\n\t\n\t\t\t<div class=\"g-recaptcha-v3\" data-sitekey=\"6LdRz5gpAAAAADKkZxBm8ai7BrXeH8ja2R7eG3bz\"><\/div>\n\t\t<script src=\"https:\/\/www.google.com\/recaptcha\/api.js?render=6LdRz5gpAAAAADKkZxBm8ai7BrXeH8ja2R7eG3bz\"><\/script>\n\t\t<input type=\"hidden\" id=\"gRecaptchaResponse\" name=\"g-recaptcha-response\">\n\t\t<script>\n\t\t\twindow.captchaKey = '6LdRz5gpAAAAADKkZxBm8ai7BrXeH8ja2R7eG3bz';\n\t\t<\/script>\n\t\t<script>\n\n\t\t\tvar form = document.getElementById(\"casawpPropertyContactForm\");\n\n\t\t\tform.addEventListener('submit', event => {\n\t\t\t\tevent.preventDefault()\n\t\t\t\tvalidate(form)\n\t\t\t});\n\n\t\t\tfunction validate(form) {\n\t\t\t\tgetRecaptchaToken(form)\n\t\t\t}\n\n\t\t\tfunction getRecaptchaToken(form) {\n\t\t\t\tgrecaptcha.ready(function() {\n\t\t\t\t\tgrecaptcha.execute(window.captchaKey, {action: 'casawpPropertyContactForm'}).then(function(token) {\n\t\t\t\t\t\tgRecaptchaResponse.value = token \/\/set the value of the hidden field\n\t\t\t\t\t\tform.submit() \/\/submit the form\n\t\t\t\t\t});\n\t\t\t\t});\n\t\t\t}\n\t\n\t\t<\/script>\n\t\n\n    <div class=\"casawp-contactform-send-wrapper\">\n\t\t<button class=\"casawp-contactform-send btn btn-primary\" type=\"submit\">\n\t\t\t<span>\n\t\t\t\tEnvoyer\t\t\t<\/span>\t\t\t\n\t\t<\/button>\n    <\/div>\n\n\n\t<\/form>\n                <\/div>\n<\/div>\n\n\n\n<div class=\"wp-block-column is-layout-flow wp-block-column-is-layout-flow\" style=\"flex-basis:16%\"><\/div>\n<\/div>\n\n<\/div>\n    <\/div>\n<\/div>","protected":false},"excerpt":{"rendered":"","protected":false},"author":1,"featured_media":0,"parent":0,"menu_order":0,"comment_status":"closed","ping_status":"closed","template":"","meta":{"_acf_changed":false,"inline_featured_image":false,"footnotes":""},"class_list":["post-2460","page","type-page","status-publish","hentry"],"acf":[],"yoast_head":"<!-- This site is optimized with the Yoast SEO plugin v27.3 - https:\/\/yoast.com\/product\/yoast-seo-wordpress\/ -->\n<title>Contact - Inomoplus<\/title>\n<meta name=\"robots\" content=\"index, follow, max-snippet:-1, max-image-preview:large, max-video-preview:-1\" \/>\n<link rel=\"canonical\" href=\"https:\/\/inomo.ch\/fr\/contact\/\" \/>\n<meta property=\"og:locale\" content=\"fr_FR\" \/>\n<meta property=\"og:type\" content=\"article\" \/>\n<meta property=\"og:title\" content=\"Contact - Inomoplus\" \/>\n<meta property=\"og:url\" content=\"https:\/\/inomo.ch\/fr\/contact\/\" \/>\n<meta property=\"og:site_name\" content=\"Inomoplus\" \/>\n<meta property=\"article:modified_time\" content=\"2024-04-15T10:50:58+00:00\" \/>\n<meta name=\"twitter:card\" content=\"summary_large_image\" \/>\n<script type=\"application\/ld+json\" class=\"yoast-schema-graph\">{\"@context\":\"https:\\\/\\\/schema.org\",\"@graph\":[{\"@type\":\"WebPage\",\"@id\":\"https:\\\/\\\/inomo.ch\\\/fr\\\/contact\\\/\",\"url\":\"https:\\\/\\\/inomo.ch\\\/fr\\\/contact\\\/\",\"name\":\"Contact - Inomoplus\",\"isPartOf\":{\"@id\":\"https:\\\/\\\/inomo.ch\\\/#website\"},\"datePublished\":\"2023-03-06T15:26:49+00:00\",\"dateModified\":\"2024-04-15T10:50:58+00:00\",\"breadcrumb\":{\"@id\":\"https:\\\/\\\/inomo.ch\\\/fr\\\/contact\\\/#breadcrumb\"},\"inLanguage\":\"fr-FR\",\"potentialAction\":[{\"@type\":\"ReadAction\",\"target\":[\"https:\\\/\\\/inomo.ch\\\/fr\\\/contact\\\/\"]}]},{\"@type\":\"BreadcrumbList\",\"@id\":\"https:\\\/\\\/inomo.ch\\\/fr\\\/contact\\\/#breadcrumb\",\"itemListElement\":[{\"@type\":\"ListItem\",\"position\":1,\"name\":\"Startseite\",\"item\":\"https:\\\/\\\/inomo.ch\\\/fr\\\/\"},{\"@type\":\"ListItem\",\"position\":2,\"name\":\"Contact\"}]},{\"@type\":\"WebSite\",\"@id\":\"https:\\\/\\\/inomo.ch\\\/#website\",\"url\":\"https:\\\/\\\/inomo.ch\\\/\",\"name\":\"Inomoplus\",\"description\":\"\",\"publisher\":{\"@id\":\"https:\\\/\\\/inomo.ch\\\/#organization\"},\"potentialAction\":[{\"@type\":\"SearchAction\",\"target\":{\"@type\":\"EntryPoint\",\"urlTemplate\":\"https:\\\/\\\/inomo.ch\\\/?s={search_term_string}\"},\"query-input\":{\"@type\":\"PropertyValueSpecification\",\"valueRequired\":true,\"valueName\":\"search_term_string\"}}],\"inLanguage\":\"fr-FR\"},{\"@type\":\"Organization\",\"@id\":\"https:\\\/\\\/inomo.ch\\\/#organization\",\"name\":\"Inomoplus\",\"url\":\"https:\\\/\\\/inomo.ch\\\/\",\"logo\":{\"@type\":\"ImageObject\",\"inLanguage\":\"fr-FR\",\"@id\":\"https:\\\/\\\/inomo.ch\\\/#\\\/schema\\\/logo\\\/image\\\/\",\"url\":\"https:\\\/\\\/inomo.ch\\\/wp-content\\\/uploads\\\/sites\\\/24\\\/2024\\\/03\\\/inomo_logo_white.svg\",\"contentUrl\":\"https:\\\/\\\/inomo.ch\\\/wp-content\\\/uploads\\\/sites\\\/24\\\/2024\\\/03\\\/inomo_logo_white.svg\",\"width\":600,\"height\":149,\"caption\":\"Inomoplus\"},\"image\":{\"@id\":\"https:\\\/\\\/inomo.ch\\\/#\\\/schema\\\/logo\\\/image\\\/\"}}]}<\/script>\n<!-- \/ Yoast SEO plugin. -->","yoast_head_json":{"title":"Contact - Inomoplus","robots":{"index":"index","follow":"follow","max-snippet":"max-snippet:-1","max-image-preview":"max-image-preview:large","max-video-preview":"max-video-preview:-1"},"canonical":"https:\/\/inomo.ch\/fr\/contact\/","og_locale":"fr_FR","og_type":"article","og_title":"Contact - Inomoplus","og_url":"https:\/\/inomo.ch\/fr\/contact\/","og_site_name":"Inomoplus","article_modified_time":"2024-04-15T10:50:58+00:00","twitter_card":"summary_large_image","schema":{"@context":"https:\/\/schema.org","@graph":[{"@type":"WebPage","@id":"https:\/\/inomo.ch\/fr\/contact\/","url":"https:\/\/inomo.ch\/fr\/contact\/","name":"Contact - Inomoplus","isPartOf":{"@id":"https:\/\/inomo.ch\/#website"},"datePublished":"2023-03-06T15:26:49+00:00","dateModified":"2024-04-15T10:50:58+00:00","breadcrumb":{"@id":"https:\/\/inomo.ch\/fr\/contact\/#breadcrumb"},"inLanguage":"fr-FR","potentialAction":[{"@type":"ReadAction","target":["https:\/\/inomo.ch\/fr\/contact\/"]}]},{"@type":"BreadcrumbList","@id":"https:\/\/inomo.ch\/fr\/contact\/#breadcrumb","itemListElement":[{"@type":"ListItem","position":1,"name":"Startseite","item":"https:\/\/inomo.ch\/fr\/"},{"@type":"ListItem","position":2,"name":"Contact"}]},{"@type":"WebSite","@id":"https:\/\/inomo.ch\/#website","url":"https:\/\/inomo.ch\/","name":"Inomoplus","description":"","publisher":{"@id":"https:\/\/inomo.ch\/#organization"},"potentialAction":[{"@type":"SearchAction","target":{"@type":"EntryPoint","urlTemplate":"https:\/\/inomo.ch\/?s={search_term_string}"},"query-input":{"@type":"PropertyValueSpecification","valueRequired":true,"valueName":"search_term_string"}}],"inLanguage":"fr-FR"},{"@type":"Organization","@id":"https:\/\/inomo.ch\/#organization","name":"Inomoplus","url":"https:\/\/inomo.ch\/","logo":{"@type":"ImageObject","inLanguage":"fr-FR","@id":"https:\/\/inomo.ch\/#\/schema\/logo\/image\/","url":"https:\/\/inomo.ch\/wp-content\/uploads\/sites\/24\/2024\/03\/inomo_logo_white.svg","contentUrl":"https:\/\/inomo.ch\/wp-content\/uploads\/sites\/24\/2024\/03\/inomo_logo_white.svg","width":600,"height":149,"caption":"Inomoplus"},"image":{"@id":"https:\/\/inomo.ch\/#\/schema\/logo\/image\/"}}]}},"_links":{"self":[{"href":"https:\/\/inomo.ch\/fr\/wp-json\/wp\/v2\/pages\/2460","targetHints":{"allow":["GET"]}}],"collection":[{"href":"https:\/\/inomo.ch\/fr\/wp-json\/wp\/v2\/pages"}],"about":[{"href":"https:\/\/inomo.ch\/fr\/wp-json\/wp\/v2\/types\/page"}],"author":[{"embeddable":true,"href":"https:\/\/inomo.ch\/fr\/wp-json\/wp\/v2\/users\/1"}],"replies":[{"embeddable":true,"href":"https:\/\/inomo.ch\/fr\/wp-json\/wp\/v2\/comments?post=2460"}],"version-history":[{"count":0,"href":"https:\/\/inomo.ch\/fr\/wp-json\/wp\/v2\/pages\/2460\/revisions"}],"wp:attachment":[{"href":"https:\/\/inomo.ch\/fr\/wp-json\/wp\/v2\/media?parent=2460"}],"curies":[{"name":"wp","href":"https:\/\/api.w.org\/{rel}","templated":true}]}}