{"id":2459,"date":"2023-03-06T16:26:58","date_gmt":"2023-03-06T15:26:58","guid":{"rendered":"https:\/\/inomo.titanit.casasoft.ch\/suchprofil\/"},"modified":"2024-04-29T09:00:40","modified_gmt":"2024-04-29T07:00:40","slug":"profil-de-recherche","status":"publish","type":"page","link":"https:\/\/inomo.ch\/fr\/profil-de-recherche\/","title":{"rendered":"Profil de recherche"},"content":{"rendered":"\n<div \n     class=\"\n        content-wrapper \n        content-wrapper--padding-top-none        content-wrapper--padding-bottom-none \n        content-wrapper--background-color-white \n         \n         \n         \n         \n                \n        banner-slider        \n    \">\n    <div class=\"content-wrapper__anchor\" id=\"\"><\/div>\n    <div class=\"container-fluid \" style=\"margin-top: px; margin-bottom: px;\">\n        <div class=\"acf-innerblocks-container\">\n\n    <div class=\"video-module__video\">\n        <video id=\"videoCanvas\" autoplay loop muted playsinline>\n            <source src=\"https:\/\/inomo.ch\/wp-content\/uploads\/sites\/24\/2024\/04\/Film_14_opt.mp4\" type=\"video\/mp4\">\n                    <\/video>\n    <\/div>\n\n\n\n<div \n     class=\"\n        content-wrapper \n        content-wrapper--padding-top-default        content-wrapper--padding-bottom-default \n        content-wrapper--background-color-white \n         \n         \n         \n         \n                \n                \n    \">\n    <div class=\"content-wrapper__anchor\" id=\"\"><\/div>\n    <div class=\"container \" style=\"margin-top: px; margin-bottom: px;\">\n        <div class=\"acf-innerblocks-container\">\n<div class=\"buttons-module  content-block \">\n            <div class=\"buttons-module__buttons\">\n                                                                                                                <a \n                        class=\"btn btn-primary \" \n                        href=\"\/fr\/immobilien\/?availabilities[0]=active&#038;availabilities[1]=taken&#038;availabilities[2]=reserved\" \n                                            >\n                        Vous trouverez notre <br>offre actuelle ici                    <\/a>\n                                    <\/div>\n    <\/div>\n\n<\/div>\n    <\/div>\n<\/div>\n<\/div>\n    <\/div>\n<\/div>\n\n\n<div \n     class=\"\n        content-wrapper \n        content-wrapper--padding-top-default        content-wrapper--padding-bottom-small \n        content-wrapper--background-color-white \n         \n         \n         \n         \n                \n                \n    \">\n    <div class=\"content-wrapper__anchor\" id=\"\"><\/div>\n    <div class=\"container \" style=\"margin-top: px; margin-bottom: px;\">\n        <div class=\"acf-innerblocks-container\">\n\n<div class=\"wp-block-columns is-layout-flex wp-container-core-columns-is-layout-28f84493 wp-block-columns-is-layout-flex\">\n<div class=\"wp-block-column is-layout-flow wp-block-column-is-layout-flow\" style=\"flex-basis:16%\"><\/div>\n\n\n\n<div class=\"wp-block-column is-layout-flow wp-block-column-is-layout-flow\"><div class=\"text-module content-block\">\n            <div class=\"text-module__text cs-text-thin \"> \n            <h4>Profil de recherche<\/h4>\n<h1>Trouvez votre bien id\u00e9al<\/h1>\n<p>Il n&rsquo;est pas toujours facile de faire le point sur les besoins essentiels. Ensuite, il faut aussi que le budget corresponde aux souhaits. Il existe une bonne solution, nous la trouverons en proc\u00e9dant ensemble.<\/p>\n        <\/div>\n        <\/div>\n<\/div>\n\n\n\n<div class=\"wp-block-column is-layout-flow wp-block-column-is-layout-flow\" style=\"flex-basis:16%\"><\/div>\n<\/div>\n\n<\/div>\n    <\/div>\n<\/div>\n\n\n<div \n     class=\"\n        content-wrapper \n        content-wrapper--padding-top-small        content-wrapper--padding-bottom-default \n        content-wrapper--background-color-white \n         \n         \n         \n         \n                \n                \n    \">\n    <div class=\"content-wrapper__anchor\" id=\"\"><\/div>\n    <div class=\"container \" style=\"margin-top: px; margin-bottom: px;\">\n        <div class=\"acf-innerblocks-container\">\n<div class=\"text-module content-block\">\n                                            \n                        <div class=\"custom-form-wrap labels-form\">\n\t\n\t\t\n\t\t\n\t\t<form action=\"https&#x3A;&#x2F;&#x2F;inomo.ch&#x2F;fr&#x2F;profil-de-recherche&#x2F;&#x23;casawpPropertyContactForm\" method=\"POST\" name=\"contact\" id=\"casawpPropertyContactForm\" class=\"casawp-contactform-form&#x20;casawp-contactform-form--searchprofile\">\t\t<input type=\"hidden\" id=\"_wpnonce\" name=\"_wpnonce\" value=\"bf6d92193e\" \/><input type=\"hidden\" name=\"_wp_http_referer\" value=\"\/fr\/wp-json\/wp\/v2\/pages\/2459\" \/>\t\t<input id=\"theApsoluteRealEmailField\" type=\"text\" name=\"email\" value=\"\" placeholder=\"NlChT8 AuSf$lLeN\">\n\n\t\t<div class=\"row\">\n\t\t\t<div class=\"col-lg-6\">\n\t\t\t\t\n\t\t\t\t<h3 class=\"form-subtitle\">Vos donn\u00e9es de contact<\/h3>\n\t\t\t\t\n\t\t\t\t<div class=\"row form-row\">\n\t\t\t\t\t<div class=\"col-lg-12\">\n\t\t\t\t\t\t<div class=\"casawp-gender-radios\">\n\t\t\t\t\t\t\t\n<div class=\"form-group  \">\n\t<label for=\"contactFormgender\" class=\"control-label\">Titre<\/label>\n\t<label><input type=\"radio\" name=\"gender\" class=\"form-control&#x20;casawp-form-control&#x20;\" id=\"contactFormgender\" value=\"2\" checked=\"checked\">Madame<\/label><label><input type=\"radio\" name=\"gender\" class=\"form-control&#x20;casawp-form-control&#x20;\" value=\"1\">Monsieur<\/label>\t<\/div>\t\t\t\t\t\t<\/div>\n\t\t\t\t\t<\/div>\n\t\t\t\t<\/div>\n\t\t\t\t<div class=\"row form-row is-required\">\n\t\t\t\t\t<div class=\"col-lg-6\">\n\t\t\t\t\t\t\n<div class=\"form-group  \">\n\t<label for=\"contactFormfirstname\" class=\"control-label\">Pr\u00e9nom<\/label>\n\t<input type=\"text\" name=\"firstname\" required=\"required\" class=\"form-control&#x20;casawp-form-control&#x20;\" id=\"contactFormfirstname\" value=\"\">\t<\/div>\t\t\t\t\t<\/div>\n\t\t\t\t\t<div class=\"col-lg-6\">\n\t\t\t\t\t\t\n<div class=\"form-group  \">\n\t<label for=\"contactFormlastname\" class=\"control-label\">Nom<\/label>\n\t<input type=\"text\" name=\"lastname\" required=\"required\" class=\"form-control&#x20;casawp-form-control&#x20;\" id=\"contactFormlastname\" value=\"\">\t<\/div>\t\t\t\t\t<\/div>\n\t\t\t\t<\/div>\n\t\t\t\t<div class=\"row form-row is-required\">\n\t\t\t\t\t<div class=\"col-lg-12\">\n\t\t\t\t\t\t\n<div class=\"form-group  \">\n\t<label for=\"contactFormlegal_name\" class=\"control-label\">Soci\u00e9t\u00e9<\/label>\n\t<input type=\"text\" name=\"legal_name\" class=\"form-control&#x20;casawp-form-control&#x20;\" id=\"contactFormlegal_name\" value=\"\">\t<\/div>\t\t\t\t\t<\/div>\n\t\t\t\t<\/div>\n\t\t\t\t<div class=\"row form-row is-required\">\n\t\t\t\t\t<div class=\"col-lg-12\">\n\t\t\t\t\t\t\n<div class=\"form-group  \">\n\t<label for=\"contactFormstreet\" class=\"control-label\">Rue<\/label>\n\t<input type=\"text\" name=\"street\" class=\"form-control&#x20;casawp-form-control&#x20;\" id=\"contactFormstreet\" value=\"\">\t<\/div>\t\t\t\t\t<\/div>\n\t\t\t\t<\/div>\n\t\t\t\t<div class=\"row form-row is-required\">\n\t\t\t\t\t<div class=\"col-lg-6\">\n\t\t\t\t\t\t\n<div class=\"form-group  \">\n\t<label for=\"contactFormpostal_code\" class=\"control-label\">Code postal<\/label>\n\t<input type=\"text\" name=\"postal_code\" class=\"form-control&#x20;casawp-form-control&#x20;\" id=\"contactFormpostal_code\" value=\"\">\t<\/div>\t\t\t\t\t<\/div>\n\t\t\t\t\t<div class=\"col-lg-6\">\n\t\t\t\t\t\t\n<div class=\"form-group  \">\n\t<label for=\"contactFormlocality\" class=\"control-label\">Localit\u00e9<\/label>\n\t<input type=\"text\" name=\"locality\" class=\"form-control&#x20;casawp-form-control&#x20;\" id=\"contactFormlocality\" value=\"\">\t<\/div>\t\t\t\t\t<\/div>\n\t\t\t\t<\/div>\n\t\t\t\t<div class=\"row form-row is-required\">\n\t\t\t\t\t<div class=\"col-lg-12\">\n\t\t\t\t\t\t\n<div class=\"form-group  \">\n\t<label for=\"contactFormcountry\" class=\"control-label\">Pays<\/label>\n\t<select name=\"country\" class=\"form-control&#x20;casawp-form-control&#x20;\" id=\"contactFormcountry\"><option value=\"CH\">Suisse<\/option>\n<option value=\"AL\">Albanie<\/option>\n<option value=\"DE\">Allemagne<\/option>\n<option value=\"AD\">Andorre<\/option>\n<option value=\"AT\">Autriche<\/option>\n<option value=\"BE\">Belgique<\/option>\n<option value=\"BA\">Bosnie-Herz\u00e9govine<\/option>\n<option value=\"BG\">Bulgarie<\/option>\n<option value=\"BY\">B\u00e9larus<\/option>\n<option value=\"CY\">Chypre<\/option>\n<option value=\"HR\">Croatie<\/option>\n<option value=\"DK\">Danemark<\/option>\n<option value=\"ES\">Espagne<\/option>\n<option value=\"EE\">Estonie<\/option>\n<option value=\"FI\">Finlande<\/option>\n<option value=\"FR\">France<\/option>\n<option value=\"GI\">Gibraltar<\/option>\n<option value=\"GR\">Gr\u00e8ce<\/option>\n<option value=\"HU\">Hongrie<\/option>\n<option value=\"IE\">Irlande<\/option>\n<option value=\"IS\">Islande<\/option>\n<option value=\"IT\">Italie<\/option>\n<option value=\"IM\">\u00cele de Man<\/option>\n<option value=\"FO\">\u00celes F\u00e9ro\u00e9<\/option>\n<option value=\"LV\">Lettonie<\/option>\n<option value=\"LI\">Liechtenstein<\/option>\n<option value=\"LT\">Lituanie<\/option>\n<option value=\"LU\">Luxembourg<\/option>\n<option value=\"MK\">Mac\u00e9doine<\/option>\n<option value=\"MT\">Malte<\/option>\n<option value=\"MD\">Moldavie<\/option>\n<option value=\"MC\">Monaco<\/option>\n<option value=\"ME\">Mont\u00e9n\u00e9gro<\/option>\n<option value=\"NO\">Norv\u00e8ge<\/option>\n<option value=\"NL\">Pays-Bas<\/option>\n<option value=\"PL\">Pologne<\/option>\n<option value=\"PT\">Portugal<\/option>\n<option value=\"RO\">Roumanie<\/option>\n<option value=\"GB\">Royaume-Uni<\/option>\n<option value=\"RU\">Russie<\/option>\n<option value=\"CZ\">R\u00e9publique tch\u00e8que<\/option>\n<option value=\"SM\">Saint-Marin<\/option>\n<option value=\"RS\">Serbie<\/option>\n<option value=\"SK\">Slovaquie<\/option>\n<option value=\"SI\">Slov\u00e9nie<\/option>\n<option value=\"SE\">Su\u00e8de<\/option>\n<option value=\"UA\">Ukraine<\/option>\n<option value=\"VA\">Vatican<\/option>\n<option value=\"AE\">\u00c9mirats arabes unis<\/option>\n<option value=\"other\">Autre<\/option><\/select>\t<\/div>\t\t\t\t\t\t<div class=\"select-icon\">\n\t\t\t\t\t\t\t<svg width=\"16\" height=\"16\" viewBox=\"0 0 16 16\" fill=\"none\" xmlns=\"http:\/\/www.w3.org\/2000\/svg\">\n\t\t\t\t\t\t\t\t<path d=\"M1 8C1 11.866 4.13401 15 8 15C11.866 15 15 11.866 15 8C15 4.13401 11.866 1 8 1C4.13401 1 1 4.13401 1 8Z\" stroke=\"#3F3F3F\" stroke-linecap=\"round\" stroke-linejoin=\"round\"\/>\n\t\t\t\t\t\t\t\t<path d=\"M4.04343 5.86987L7.75651 10.7359C7.78491 10.7731 7.82152 10.8033 7.86348 10.824C7.90545 10.8448 7.95164 10.8556 7.99846 10.8556C8.04529 10.8556 8.09148 10.8448 8.13344 10.824C8.17541 10.8033 8.21202 10.7731 8.24042 10.7359L11.9565 5.86987\" stroke=\"#3F3F3F\" stroke-linecap=\"round\" stroke-linejoin=\"round\"\/>\n\t\t\t\t\t\t\t<\/svg>\n\t\t\t\t\t\t<\/div>\n\t\t\t\t\t<\/div>\n\t\t\t\t<\/div>\n\t\t\t\t<div class=\"row form-row is-required\">\n\t\t\t\t\t<div class=\"col-lg-12\">\n\t\t\t\t\t\t\n<div class=\"form-group  \">\n\t<label for=\"contactFormemailreal\" class=\"control-label\">E-mail<\/label>\n\t<input type=\"text\" name=\"emailreal\" required=\"required\" class=\"form-control&#x20;casawp-form-control&#x20;\" id=\"contactFormemailreal\" value=\"\">\t<\/div>\t\t\t\t\t<\/div>\n\t\t\t\t<\/div>\n\t\t\t\t<div class=\"row form-row is-required\">\n\t\t\t\t\t<div class=\"col-lg-12\">\n\t\t\t\t\t\t\n<div class=\"form-group  \">\n\t<label for=\"contactFormphone\" class=\"control-label\">T\u00e9l\u00e9phone<\/label>\n\t<input type=\"text\" name=\"phone\" class=\"form-control&#x20;casawp-form-control&#x20;\" id=\"contactFormphone\" value=\"\">\t<\/div>\t\t\t\t\t<\/div>\n\t\t\t\t<\/div>\n\t\t\t<\/div>\n\t\t\t<div class=\"col-lg-6\">\n\t\t\t\t\n\t\t\t\t<h3 class=\"form-subtitle\">Objet recherch\u00e9<\/h3>\n\t\t\t\t\n\t\t\t\t<div class=\"search-form-spacer\"><\/div>\n\t\t\t\t<div class=\"column-blocker\"><\/div>\n\t\t\t\t<div class=\"row form-row is-required\">\n\t\t\t\t\t<div class=\"col-lg-12\">\n\t\t\t\t\t\t\n<div class=\"form-group  \">\n\t<label for=\"contactFormsearchProfile_salestype\" class=\"control-label\">Vous cherchez \u00e0<\/label>\n\t<select name=\"searchProfile_salestype\" id=\"contactFormsearchProfile_salestype\" class=\"form-control&#x20;casawp-form-control&#x20;\"><option value=\"buy\">Acheter<\/option>\n<option value=\"rent\">Louer<\/option><\/select>\t<\/div>\t\t\t\t\t\t<div class=\"select-icon\">\n\t\t\t\t\t\t\t<svg width=\"16\" height=\"16\" viewBox=\"0 0 16 16\" fill=\"none\" xmlns=\"http:\/\/www.w3.org\/2000\/svg\">\n\t\t\t\t\t\t\t\t<path d=\"M1 8C1 11.866 4.13401 15 8 15C11.866 15 15 11.866 15 8C15 4.13401 11.866 1 8 1C4.13401 1 1 4.13401 1 8Z\" stroke=\"#3F3F3F\" stroke-linecap=\"round\" stroke-linejoin=\"round\"\/>\n\t\t\t\t\t\t\t\t<path d=\"M4.04343 5.86987L7.75651 10.7359C7.78491 10.7731 7.82152 10.8033 7.86348 10.824C7.90545 10.8448 7.95164 10.8556 7.99846 10.8556C8.04529 10.8556 8.09148 10.8448 8.13344 10.824C8.17541 10.8033 8.21202 10.7731 8.24042 10.7359L11.9565 5.86987\" stroke=\"#3F3F3F\" stroke-linecap=\"round\" stroke-linejoin=\"round\"\/>\n\t\t\t\t\t\t\t<\/svg>\n\t\t\t\t\t\t<\/div>\n\t\t\t\t\t<\/div>\n\t\t\t\t<\/div>\n\t\t\t\t<div class=\"row form-row is-required\">\n\t\t\t\t\t<div class=\"col-lg-12 select2\">\n\t\t\t\t\t\t\n<div class=\"form-group  \">\n\t<label for=\"contactFormsearchProfile_categories\" class=\"control-label\">Type d\u2019objet<\/label>\n\t<select name=\"searchProfile_categories&#x5B;&#x5D;\" id=\"contactFormsearchProfile_categories\" multiple=\"multiple\" class=\"form-control&#x20;casawp-form-control&#x20;\"><option value=\"apartment\">Appartement<\/option>\n<option value=\"house\">Maison<\/option>\n<option value=\"multiple-dwelling\">Multiple Dwelling<\/option>\n<option value=\"plot\">Terrain<\/option><\/select>\t<\/div>\t\t\t\t\t<\/div>\n\t\t\t\t<\/div>\n\t\t\t\t<div class=\"row form-row\">\n\t\t\t\t\t<div class=\"col-lg-12 select2\">\n\t\t\t\t\t\t\n<div class=\"form-group  \">\n\t<label for=\"contactFormsearchProfile_utilities\" class=\"control-label\">Utilit\u00e9<\/label>\n\t<select name=\"searchProfile_utilities&#x5B;&#x5D;\" id=\"contactFormsearchProfile_utilities\" multiple=\"multiple\" class=\"form-control&#x20;casawp-form-control&#x20;\"><option value=\"commercial\">Commerce<\/option>\n<option value=\"industrial\">Industrie<\/option>\n<option value=\"investment\">Investissement<\/option>\n<option value=\"residential\">R\u00e9sidence<\/option><\/select>\t<\/div>\t\t\t\t\t<\/div>\n\t\t\t\t<\/div>\n\t\t\t\t<div class=\"row form-row is-required\">\n\t\t\t\t\t<div class=\"col-lg-6\">\n\t\t\t\t\t\t\n<div class=\"form-group  \">\n\t<label for=\"contactFormsearchProfile_rooms_from\" class=\"control-label\">Chambres de<\/label>\n\t<input type=\"text\" name=\"searchProfile_rooms_from\" placeholder=\"Minimum\" class=\"form-control&#x20;casawp-form-control&#x20;\" id=\"contactFormsearchProfile_rooms_from\" value=\"\">\t<\/div>\t\t\t\t\t<\/div>\n\t\t\t\t\t<div class=\"col-lg-6\">\n\t\t\t\t\t\t\n<div class=\"form-group  \">\n\t<label for=\"contactFormsearchProfile_rooms_to\" class=\"control-label\">Chambres \u00e0<\/label>\n\t<input type=\"text\" name=\"searchProfile_rooms_to\" placeholder=\"Maximum\" class=\"form-control&#x20;casawp-form-control&#x20;\" id=\"contactFormsearchProfile_rooms_to\" value=\"\">\t<\/div>\t\t\t\t\t<\/div>\n\t\t\t\t<\/div>\n\t\t\t\t<div class=\"row form-row is-required\">\n\t\t\t\t\t<div class=\"col-lg-6\">\n\t\t\t\t\t\t\n<div class=\"form-group  \">\n\t<label for=\"contactFormsearchProfile_price_from\" class=\"control-label\">Prix \u00e0 partir de<\/label>\n\t<input type=\"text\" name=\"searchProfile_price_from\" placeholder=\"Minimum\" class=\"form-control&#x20;casawp-form-control&#x20;\" id=\"contactFormsearchProfile_price_from\" value=\"\">\t<\/div>\t\t\t\t\t<\/div>\n\t\t\t\t\t<div class=\"col-lg-6\">\n\t\t\t\t\t\t\n<div class=\"form-group  \">\n\t<label for=\"contactFormsearchProfile_price_to\" class=\"control-label\">Prix \u00e0<\/label>\n\t<input type=\"text\" name=\"searchProfile_price_to\" placeholder=\"Maximum\" class=\"form-control&#x20;casawp-form-control&#x20;\" id=\"contactFormsearchProfile_price_to\" value=\"\">\t<\/div>\t\t\t\t\t<\/div>\n\t\t\t\t<\/div>\n\t\t\t\t<div class=\"row form-row is-required\">\n\t\t\t\t\t<div class=\"col-lg-6\">\n\t\t\t\t\t\t\n<div class=\"form-group  \">\n\t<label for=\"contactFormsearchProfile_postal_code\" class=\"control-label\">Code postal<\/label>\n\t<input type=\"text\" name=\"searchProfile_postal_code\" class=\"form-control&#x20;casawp-form-control&#x20;\" id=\"contactFormsearchProfile_postal_code\" value=\"\">\t<\/div>\t\t\t\t\t<\/div>\n\t\t\t\t\t<div class=\"col-lg-6\">\n\t\t\t\t\t\t\n<div class=\"form-group  \">\n\t<label for=\"contactFormsearchProfile_locality\" class=\"control-label\">Localit\u00e9<\/label>\n\t<input type=\"text\" name=\"searchProfile_locality\" class=\"form-control&#x20;casawp-form-control&#x20;\" id=\"contactFormsearchProfile_locality\" value=\"\">\t<\/div>\t\t\t\t\t<\/div>\n\t\t\t\t<\/div>\n\t\t\t\t<div class=\"row form-row is-required\">\n\t\t\t\t\t<div class=\"col-lg-12\">\n\t\t\t\t\t\t\n<div class=\"form-group  \">\n\t<label for=\"contactFormsearchProfile_radius\" class=\"control-label\">Dans un rayon de (km)<\/label>\n\t<select name=\"searchProfile_radius\" id=\"contactFormsearchProfile_radius\" class=\"form-control&#x20;casawp-form-control&#x20;\"><option value=\"5\">5<\/option>\n<option value=\"10\">10<\/option>\n<option value=\"20\">20<\/option><\/select>\t<\/div>\t\t\t\t\t\t<div class=\"select-icon\">\n\t\t\t\t\t\t\t<svg width=\"16\" height=\"16\" viewBox=\"0 0 16 16\" fill=\"none\" xmlns=\"http:\/\/www.w3.org\/2000\/svg\">\n\t\t\t\t\t\t\t\t<path d=\"M1 8C1 11.866 4.13401 15 8 15C11.866 15 15 11.866 15 8C15 4.13401 11.866 1 8 1C4.13401 1 1 4.13401 1 8Z\" stroke=\"#3F3F3F\" stroke-linecap=\"round\" stroke-linejoin=\"round\"\/>\n\t\t\t\t\t\t\t\t<path d=\"M4.04343 5.86987L7.75651 10.7359C7.78491 10.7731 7.82152 10.8033 7.86348 10.824C7.90545 10.8448 7.95164 10.8556 7.99846 10.8556C8.04529 10.8556 8.09148 10.8448 8.13344 10.824C8.17541 10.8033 8.21202 10.7731 8.24042 10.7359L11.9565 5.86987\" stroke=\"#3F3F3F\" stroke-linecap=\"round\" stroke-linejoin=\"round\"\/>\n\t\t\t\t\t\t\t<\/svg>\n\t\t\t\t\t\t<\/div>\n\t\t\t\t\t<\/div>\n\t\t\t\t<\/div>\n\t\t\t\t<div class=\"row form-row is-required\">\n\t\t\t\t\t<div class=\"col-lg-12\">\n\t\t\t\t\t\t\n<div class=\"form-group  \">\n\t<label for=\"contactFormsearchProfile_note\" class=\"control-label\">Message<\/label>\n\t<textarea name=\"searchProfile_note\" class=\"form-control&#x20;casawp-form-control&#x20;\" id=\"contactFormsearchProfile_note\"><\/textarea>\t<\/div>\t\t\t\t\t<\/div>\n\t\t\t\t<\/div>\n\n\t\t\t\t\n\t\t\t\t\t\t\t\t\t<div class=\"g-recaptcha-v3\" data-sitekey=\"6LdRz5gpAAAAADKkZxBm8ai7BrXeH8ja2R7eG3bz\"><\/div>\n\t\t\t\t\t<script src=\"https:\/\/www.google.com\/recaptcha\/api.js?render=6LdRz5gpAAAAADKkZxBm8ai7BrXeH8ja2R7eG3bz\"><\/script>\n\t\t\t\t\t<input type=\"hidden\" id=\"gRecaptchaResponse\" name=\"g-recaptcha-response\">\n\t\t\t\t\t<script>\n\t\t\t\t\t\twindow.captchaKey = '6LdRz5gpAAAAADKkZxBm8ai7BrXeH8ja2R7eG3bz';\n\t\t\t\t\t<\/script>\n\t\t\t\t\t<script>\n\n\t\t\t\t\t\tvar form = document.getElementById(\"casawpPropertyContactForm\");\n\n\t\t\t\t\t\tform.addEventListener('submit', event => {\n\t\t\t\t\t\t\tevent.preventDefault()\n\t\t\t\t\t\t\tvalidate(form)\n\t\t\t\t\t\t});\n\n\t\t\t\t\t\tfunction validate(form) {\n\t\t\t\t\t\t\tgetRecaptchaToken(form)\n\t\t\t\t\t\t}\n\n\t\t\t\t\t\tfunction getRecaptchaToken(form) {\n\t\t\t\t\t\t\tgrecaptcha.ready(function() {\n\t\t\t\t\t\t\t\tgrecaptcha.execute(window.captchaKey, {action: 'casawpPropertyContactForm'}).then(function(token) {\n\t\t\t\t\t\t\t\t\tgRecaptchaResponse.value = token \/\/set the value of the hidden field\n\t\t\t\t\t\t\t\t\tform.submit() \/\/submit the form\n\t\t\t\t\t\t\t\t});\n\t\t\t\t\t\t\t});\n\t\t\t\t\t\t}\n\t\t\t\t\n\t\t\t\t\t<\/script>\n\t\t\t\t\t\t\t\t<div class=\"row\">\n\t\t\t\t<div class=\"casawp-contactform-send-wrapper searchprofile\">\n\t\t\t\t\t<button class=\"casawp-contactform-send btn btn-primary\" type=\"submit\">\n\t\t\t\t\t\t<span>\n\t\t\t\t\t\t\tEnvoyer\t\t\t\t\t\t<\/span>\t\t\t\n\t\t\t\t\t<\/button>\n\t\t\t\t<\/div>\n\t\t\t\t<\/div>\n\t\t\t<\/div>\n\t\t<\/div>\n\t\t\n\n\t\t\n\n\t\t\n\t\t<\/form>\n\t<\/div>\n\n                <\/div>\n\n<\/div>\n    <\/div>\n<\/div>","protected":false},"excerpt":{"rendered":"","protected":false},"author":1,"featured_media":0,"parent":0,"menu_order":0,"comment_status":"closed","ping_status":"closed","template":"","meta":{"_acf_changed":false,"inline_featured_image":false,"footnotes":""},"class_list":["post-2459","page","type-page","status-publish","hentry"],"acf":[],"yoast_head":"<!-- This site is optimized with the Yoast SEO plugin v27.4 - https:\/\/yoast.com\/product\/yoast-seo-wordpress\/ -->\n<title>Profil de recherche - Inomoplus<\/title>\n<meta name=\"robots\" content=\"index, follow, max-snippet:-1, max-image-preview:large, max-video-preview:-1\" \/>\n<link rel=\"canonical\" href=\"https:\/\/inomo.ch\/fr\/profil-de-recherche\/\" \/>\n<meta property=\"og:locale\" content=\"fr_FR\" \/>\n<meta property=\"og:type\" content=\"article\" \/>\n<meta property=\"og:title\" content=\"Profil de recherche - Inomoplus\" \/>\n<meta property=\"og:url\" content=\"https:\/\/inomo.ch\/fr\/profil-de-recherche\/\" \/>\n<meta property=\"og:site_name\" content=\"Inomoplus\" \/>\n<meta property=\"article:modified_time\" content=\"2024-04-29T07:00:40+00:00\" \/>\n<meta name=\"twitter:card\" content=\"summary_large_image\" \/>\n<script type=\"application\/ld+json\" class=\"yoast-schema-graph\">{\"@context\":\"https:\\\/\\\/schema.org\",\"@graph\":[{\"@type\":\"WebPage\",\"@id\":\"https:\\\/\\\/inomo.ch\\\/fr\\\/profil-de-recherche\\\/\",\"url\":\"https:\\\/\\\/inomo.ch\\\/fr\\\/profil-de-recherche\\\/\",\"name\":\"Profil de recherche - Inomoplus\",\"isPartOf\":{\"@id\":\"https:\\\/\\\/inomo.ch\\\/#website\"},\"datePublished\":\"2023-03-06T15:26:58+00:00\",\"dateModified\":\"2024-04-29T07:00:40+00:00\",\"breadcrumb\":{\"@id\":\"https:\\\/\\\/inomo.ch\\\/fr\\\/profil-de-recherche\\\/#breadcrumb\"},\"inLanguage\":\"fr-FR\",\"potentialAction\":[{\"@type\":\"ReadAction\",\"target\":[\"https:\\\/\\\/inomo.ch\\\/fr\\\/profil-de-recherche\\\/\"]}]},{\"@type\":\"BreadcrumbList\",\"@id\":\"https:\\\/\\\/inomo.ch\\\/fr\\\/profil-de-recherche\\\/#breadcrumb\",\"itemListElement\":[{\"@type\":\"ListItem\",\"position\":1,\"name\":\"Startseite\",\"item\":\"https:\\\/\\\/inomo.ch\\\/fr\\\/\"},{\"@type\":\"ListItem\",\"position\":2,\"name\":\"Profil de recherche\"}]},{\"@type\":\"WebSite\",\"@id\":\"https:\\\/\\\/inomo.ch\\\/#website\",\"url\":\"https:\\\/\\\/inomo.ch\\\/\",\"name\":\"Inomoplus\",\"description\":\"\",\"publisher\":{\"@id\":\"https:\\\/\\\/inomo.ch\\\/#organization\"},\"potentialAction\":[{\"@type\":\"SearchAction\",\"target\":{\"@type\":\"EntryPoint\",\"urlTemplate\":\"https:\\\/\\\/inomo.ch\\\/?s={search_term_string}\"},\"query-input\":{\"@type\":\"PropertyValueSpecification\",\"valueRequired\":true,\"valueName\":\"search_term_string\"}}],\"inLanguage\":\"fr-FR\"},{\"@type\":\"Organization\",\"@id\":\"https:\\\/\\\/inomo.ch\\\/#organization\",\"name\":\"Inomoplus\",\"url\":\"https:\\\/\\\/inomo.ch\\\/\",\"logo\":{\"@type\":\"ImageObject\",\"inLanguage\":\"fr-FR\",\"@id\":\"https:\\\/\\\/inomo.ch\\\/#\\\/schema\\\/logo\\\/image\\\/\",\"url\":\"https:\\\/\\\/inomo.ch\\\/wp-content\\\/uploads\\\/sites\\\/24\\\/2024\\\/03\\\/inomo_logo_white.svg\",\"contentUrl\":\"https:\\\/\\\/inomo.ch\\\/wp-content\\\/uploads\\\/sites\\\/24\\\/2024\\\/03\\\/inomo_logo_white.svg\",\"width\":600,\"height\":149,\"caption\":\"Inomoplus\"},\"image\":{\"@id\":\"https:\\\/\\\/inomo.ch\\\/#\\\/schema\\\/logo\\\/image\\\/\"}}]}<\/script>\n<!-- \/ Yoast SEO plugin. -->","yoast_head_json":{"title":"Profil de recherche - Inomoplus","robots":{"index":"index","follow":"follow","max-snippet":"max-snippet:-1","max-image-preview":"max-image-preview:large","max-video-preview":"max-video-preview:-1"},"canonical":"https:\/\/inomo.ch\/fr\/profil-de-recherche\/","og_locale":"fr_FR","og_type":"article","og_title":"Profil de recherche - Inomoplus","og_url":"https:\/\/inomo.ch\/fr\/profil-de-recherche\/","og_site_name":"Inomoplus","article_modified_time":"2024-04-29T07:00:40+00:00","twitter_card":"summary_large_image","schema":{"@context":"https:\/\/schema.org","@graph":[{"@type":"WebPage","@id":"https:\/\/inomo.ch\/fr\/profil-de-recherche\/","url":"https:\/\/inomo.ch\/fr\/profil-de-recherche\/","name":"Profil de recherche - Inomoplus","isPartOf":{"@id":"https:\/\/inomo.ch\/#website"},"datePublished":"2023-03-06T15:26:58+00:00","dateModified":"2024-04-29T07:00:40+00:00","breadcrumb":{"@id":"https:\/\/inomo.ch\/fr\/profil-de-recherche\/#breadcrumb"},"inLanguage":"fr-FR","potentialAction":[{"@type":"ReadAction","target":["https:\/\/inomo.ch\/fr\/profil-de-recherche\/"]}]},{"@type":"BreadcrumbList","@id":"https:\/\/inomo.ch\/fr\/profil-de-recherche\/#breadcrumb","itemListElement":[{"@type":"ListItem","position":1,"name":"Startseite","item":"https:\/\/inomo.ch\/fr\/"},{"@type":"ListItem","position":2,"name":"Profil de recherche"}]},{"@type":"WebSite","@id":"https:\/\/inomo.ch\/#website","url":"https:\/\/inomo.ch\/","name":"Inomoplus","description":"","publisher":{"@id":"https:\/\/inomo.ch\/#organization"},"potentialAction":[{"@type":"SearchAction","target":{"@type":"EntryPoint","urlTemplate":"https:\/\/inomo.ch\/?s={search_term_string}"},"query-input":{"@type":"PropertyValueSpecification","valueRequired":true,"valueName":"search_term_string"}}],"inLanguage":"fr-FR"},{"@type":"Organization","@id":"https:\/\/inomo.ch\/#organization","name":"Inomoplus","url":"https:\/\/inomo.ch\/","logo":{"@type":"ImageObject","inLanguage":"fr-FR","@id":"https:\/\/inomo.ch\/#\/schema\/logo\/image\/","url":"https:\/\/inomo.ch\/wp-content\/uploads\/sites\/24\/2024\/03\/inomo_logo_white.svg","contentUrl":"https:\/\/inomo.ch\/wp-content\/uploads\/sites\/24\/2024\/03\/inomo_logo_white.svg","width":600,"height":149,"caption":"Inomoplus"},"image":{"@id":"https:\/\/inomo.ch\/#\/schema\/logo\/image\/"}}]}},"_links":{"self":[{"href":"https:\/\/inomo.ch\/fr\/wp-json\/wp\/v2\/pages\/2459","targetHints":{"allow":["GET"]}}],"collection":[{"href":"https:\/\/inomo.ch\/fr\/wp-json\/wp\/v2\/pages"}],"about":[{"href":"https:\/\/inomo.ch\/fr\/wp-json\/wp\/v2\/types\/page"}],"author":[{"embeddable":true,"href":"https:\/\/inomo.ch\/fr\/wp-json\/wp\/v2\/users\/1"}],"replies":[{"embeddable":true,"href":"https:\/\/inomo.ch\/fr\/wp-json\/wp\/v2\/comments?post=2459"}],"version-history":[{"count":0,"href":"https:\/\/inomo.ch\/fr\/wp-json\/wp\/v2\/pages\/2459\/revisions"}],"wp:attachment":[{"href":"https:\/\/inomo.ch\/fr\/wp-json\/wp\/v2\/media?parent=2459"}],"curies":[{"name":"wp","href":"https:\/\/api.w.org\/{rel}","templated":true}]}}