{"id":2458,"date":"2023-03-06T16:26:10","date_gmt":"2023-03-06T15:26:10","guid":{"rendered":"https:\/\/inomo.titanit.casasoft.ch\/kundenstimmen\/"},"modified":"2024-04-29T09:01:46","modified_gmt":"2024-04-29T07:01:46","slug":"temoignages","status":"publish","type":"page","link":"https:\/\/inomo.ch\/fr\/temoignages\/","title":{"rendered":"T\u00e9moignages"},"content":{"rendered":"\n<div \n     class=\"\n        content-wrapper \n        content-wrapper--padding-top-none        content-wrapper--padding-bottom-none \n        content-wrapper--background-color-white \n         \n         \n         \n         \n                \n        banner-slider        \n    \">\n    <div class=\"content-wrapper__anchor\" id=\"\"><\/div>\n    <div class=\"container-fluid \" style=\"margin-top: px; margin-bottom: px;\">\n        <div class=\"acf-innerblocks-container\">\n\n    <div class=\"video-module__video\">\n        <video id=\"videoCanvas\" autoplay loop muted playsinline>\n            <source src=\"https:\/\/inomo.ch\/wp-content\/uploads\/sites\/24\/2024\/04\/Film_17_opt.mp4\" type=\"video\/mp4\">\n                    <\/video>\n    <\/div>\n\n<\/div>\n    <\/div>\n<\/div>\n\n\n<div \n     class=\"\n        content-wrapper \n        content-wrapper--padding-top-default        content-wrapper--padding-bottom-small \n        content-wrapper--background-color-white \n         \n         \n         \n         \n                \n                \n    \">\n    <div class=\"content-wrapper__anchor\" id=\"\"><\/div>\n    <div class=\"container \" style=\"margin-top: px; margin-bottom: px;\">\n        <div class=\"acf-innerblocks-container\">\n<div class=\"text-module content-block\">\n            <div class=\"text-module__text cs-text-thin \"> \n            <h4>Nos clients<\/h4>\n<h2>T\u00e9moignages de clients<\/h2>\n<p>Voici une liste changeante de t\u00e9moignages de clients sur diff\u00e9rents th\u00e8mes<\/p>\n<p><strong>Sujet d\u2019actualit\u00e9:<\/strong><br \/>\nLa solution location-achat de la promotion Vulliama<\/p>\n        <\/div>\n        <\/div>\n\n<\/div>\n    <\/div>\n<\/div>\n\n\n<div \n     class=\"\n        content-wrapper \n        content-wrapper--padding-top-default        content-wrapper--padding-bottom-small \n        content-wrapper--background-color-light \n         \n         \n         \n         \n                \n                \n    \">\n    <div class=\"content-wrapper__anchor\" id=\"\"><\/div>\n    <div class=\"container \" style=\"margin-top: px; margin-bottom: px;\">\n        <div class=\"acf-innerblocks-container\">\n<div class=\"testimonials-module\">\n                <div class=\"testimonials-module__testimonials testimonials-module__testimonials--odd horizontal-gap-lg row\">\n                                    <div class=\"col-lg-4\">\n                                                    <!-- multicol testimonials -->\n                            <div class=\"testimonials-module__testimonials__testimonial margin-bottom-lg\">\n                                <div class=\"testimonials-module__testimonials__testimonial__inner\">\n                                    <p>Je sortais d\u2019une s\u00e9paration et c\u2019\u00e9tait difficile de canaliser rapidement des fonds propres pour un nouvel investissement. Une ann\u00e9e plus tard, j\u2019ai pu passer \u00e0 l\u2019achat. A ce jour, l&rsquo;appartement est un bien de rendement, car j\u2019ai eu un enfant et besoin de plus d\u2019espace. Une fois propri\u00e9taire, l\u2019immobilier restera pour toujours une valeur s\u00fbre.<\/p>\n                                    <div class=\"testimonials-module__testimonials__testimonial__inner__content margin-bottom-md \">\n                                                                                    <div class=\"testimonials-module__image lazyload\" data-bg=\"https:\/\/inomo.ch\/wp-content\/uploads\/sites\/24\/2024\/04\/20240428_Bild_Patricia.png\"><\/div>\n                                                                                <h3 class=\"\">\n                                            Patricia H.                                        <\/h3>\n                                                                                \n                                    <\/div>\n                                <\/div>\n                            <\/div>\n                                                \n                    <\/div>\n                                    <div class=\"col-lg-4\">\n                                                    <!-- multicol testimonials -->\n                            <div class=\"testimonials-module__testimonials__testimonial margin-bottom-lg\">\n                                <div class=\"testimonials-module__testimonials__testimonial__inner\">\n                                    <p>Cela fait 2 ans que je vis en Suisse. Vu que je viens de la Roumanie, je trouvais le prix des loyers hors du commun. Mon amie m\u2019a parl\u00e9 de ce syst\u00e8me location-achat. Du coup je paie mon loyer mais j\u2019ai le c\u0153ur net car je vais devenir propri\u00e9taire. J\u2019ai pu faire des choix de finition, et cela m\u2019a beaucoup plu.<\/p>\n                                    <div class=\"testimonials-module__testimonials__testimonial__inner__content margin-bottom-md \">\n                                                                                    <div class=\"testimonials-module__image lazyload\" data-bg=\"https:\/\/inomo.ch\/wp-content\/uploads\/sites\/24\/2024\/04\/20240428_Bild_Dan-C.png\"><\/div>\n                                                                                <h3 class=\"\">\n                                            Dan                                        <\/h3>\n                                                                                \n                                    <\/div>\n                                <\/div>\n                            <\/div>\n                                                \n                    <\/div>\n                                    <div class=\"col-lg-4\">\n                                                    <!-- multicol testimonials -->\n                            <div class=\"testimonials-module__testimonials__testimonial margin-bottom-lg\">\n                                <div class=\"testimonials-module__testimonials__testimonial__inner\">\n                                    <p>Nous sommes une jeune famille et les enfants sont au focus. Jamais on aurait les fonds pour investir un grand appartement maintenant. Avec la formule location achat, nous pouvons nous offrir cet espace et deviendront propri\u00e9taire en m\u00eame temps.<\/p>\n                                    <div class=\"testimonials-module__testimonials__testimonial__inner__content margin-bottom-md \">\n                                                                                    <div class=\"testimonials-module__image lazyload\" data-bg=\"https:\/\/inomo.ch\/wp-content\/uploads\/sites\/24\/2024\/04\/20240428_Bild_Lisa_G.png\"><\/div>\n                                                                                <h3 class=\"\">\n                                            Lisa G.                                        <\/h3>\n                                                                                \n                                    <\/div>\n                                <\/div>\n                            <\/div>\n                                                \n                    <\/div>\n                            <\/div>\n    <\/div>\n\n<\/div>\n    <\/div>\n<\/div>","protected":false},"excerpt":{"rendered":"","protected":false},"author":1,"featured_media":0,"parent":0,"menu_order":0,"comment_status":"closed","ping_status":"closed","template":"","meta":{"_acf_changed":false,"inline_featured_image":false,"footnotes":""},"class_list":["post-2458","page","type-page","status-publish","hentry"],"acf":[],"yoast_head":"<!-- This site is optimized with the Yoast SEO plugin v27.4 - https:\/\/yoast.com\/product\/yoast-seo-wordpress\/ -->\n<title>T\u00e9moignages - Inomoplus<\/title>\n<meta name=\"robots\" content=\"index, follow, max-snippet:-1, max-image-preview:large, max-video-preview:-1\" \/>\n<link rel=\"canonical\" href=\"https:\/\/inomo.ch\/fr\/temoignages\/\" \/>\n<meta property=\"og:locale\" content=\"fr_FR\" \/>\n<meta property=\"og:type\" content=\"article\" \/>\n<meta property=\"og:title\" content=\"T\u00e9moignages - Inomoplus\" \/>\n<meta property=\"og:url\" content=\"https:\/\/inomo.ch\/fr\/temoignages\/\" \/>\n<meta property=\"og:site_name\" content=\"Inomoplus\" \/>\n<meta property=\"article:modified_time\" content=\"2024-04-29T07:01:46+00:00\" \/>\n<meta name=\"twitter:card\" content=\"summary_large_image\" \/>\n<script type=\"application\/ld+json\" class=\"yoast-schema-graph\">{\"@context\":\"https:\\\/\\\/schema.org\",\"@graph\":[{\"@type\":\"WebPage\",\"@id\":\"https:\\\/\\\/inomo.ch\\\/fr\\\/temoignages\\\/\",\"url\":\"https:\\\/\\\/inomo.ch\\\/fr\\\/temoignages\\\/\",\"name\":\"T\u00e9moignages - Inomoplus\",\"isPartOf\":{\"@id\":\"https:\\\/\\\/inomo.ch\\\/#website\"},\"datePublished\":\"2023-03-06T15:26:10+00:00\",\"dateModified\":\"2024-04-29T07:01:46+00:00\",\"breadcrumb\":{\"@id\":\"https:\\\/\\\/inomo.ch\\\/fr\\\/temoignages\\\/#breadcrumb\"},\"inLanguage\":\"fr-FR\",\"potentialAction\":[{\"@type\":\"ReadAction\",\"target\":[\"https:\\\/\\\/inomo.ch\\\/fr\\\/temoignages\\\/\"]}]},{\"@type\":\"BreadcrumbList\",\"@id\":\"https:\\\/\\\/inomo.ch\\\/fr\\\/temoignages\\\/#breadcrumb\",\"itemListElement\":[{\"@type\":\"ListItem\",\"position\":1,\"name\":\"Startseite\",\"item\":\"https:\\\/\\\/inomo.ch\\\/fr\\\/\"},{\"@type\":\"ListItem\",\"position\":2,\"name\":\"T\u00e9moignages\"}]},{\"@type\":\"WebSite\",\"@id\":\"https:\\\/\\\/inomo.ch\\\/#website\",\"url\":\"https:\\\/\\\/inomo.ch\\\/\",\"name\":\"Inomoplus\",\"description\":\"\",\"publisher\":{\"@id\":\"https:\\\/\\\/inomo.ch\\\/#organization\"},\"potentialAction\":[{\"@type\":\"SearchAction\",\"target\":{\"@type\":\"EntryPoint\",\"urlTemplate\":\"https:\\\/\\\/inomo.ch\\\/?s={search_term_string}\"},\"query-input\":{\"@type\":\"PropertyValueSpecification\",\"valueRequired\":true,\"valueName\":\"search_term_string\"}}],\"inLanguage\":\"fr-FR\"},{\"@type\":\"Organization\",\"@id\":\"https:\\\/\\\/inomo.ch\\\/#organization\",\"name\":\"Inomoplus\",\"url\":\"https:\\\/\\\/inomo.ch\\\/\",\"logo\":{\"@type\":\"ImageObject\",\"inLanguage\":\"fr-FR\",\"@id\":\"https:\\\/\\\/inomo.ch\\\/#\\\/schema\\\/logo\\\/image\\\/\",\"url\":\"https:\\\/\\\/inomo.ch\\\/wp-content\\\/uploads\\\/sites\\\/24\\\/2024\\\/03\\\/inomo_logo_white.svg\",\"contentUrl\":\"https:\\\/\\\/inomo.ch\\\/wp-content\\\/uploads\\\/sites\\\/24\\\/2024\\\/03\\\/inomo_logo_white.svg\",\"width\":600,\"height\":149,\"caption\":\"Inomoplus\"},\"image\":{\"@id\":\"https:\\\/\\\/inomo.ch\\\/#\\\/schema\\\/logo\\\/image\\\/\"}}]}<\/script>\n<!-- \/ Yoast SEO plugin. -->","yoast_head_json":{"title":"T\u00e9moignages - Inomoplus","robots":{"index":"index","follow":"follow","max-snippet":"max-snippet:-1","max-image-preview":"max-image-preview:large","max-video-preview":"max-video-preview:-1"},"canonical":"https:\/\/inomo.ch\/fr\/temoignages\/","og_locale":"fr_FR","og_type":"article","og_title":"T\u00e9moignages - Inomoplus","og_url":"https:\/\/inomo.ch\/fr\/temoignages\/","og_site_name":"Inomoplus","article_modified_time":"2024-04-29T07:01:46+00:00","twitter_card":"summary_large_image","schema":{"@context":"https:\/\/schema.org","@graph":[{"@type":"WebPage","@id":"https:\/\/inomo.ch\/fr\/temoignages\/","url":"https:\/\/inomo.ch\/fr\/temoignages\/","name":"T\u00e9moignages - Inomoplus","isPartOf":{"@id":"https:\/\/inomo.ch\/#website"},"datePublished":"2023-03-06T15:26:10+00:00","dateModified":"2024-04-29T07:01:46+00:00","breadcrumb":{"@id":"https:\/\/inomo.ch\/fr\/temoignages\/#breadcrumb"},"inLanguage":"fr-FR","potentialAction":[{"@type":"ReadAction","target":["https:\/\/inomo.ch\/fr\/temoignages\/"]}]},{"@type":"BreadcrumbList","@id":"https:\/\/inomo.ch\/fr\/temoignages\/#breadcrumb","itemListElement":[{"@type":"ListItem","position":1,"name":"Startseite","item":"https:\/\/inomo.ch\/fr\/"},{"@type":"ListItem","position":2,"name":"T\u00e9moignages"}]},{"@type":"WebSite","@id":"https:\/\/inomo.ch\/#website","url":"https:\/\/inomo.ch\/","name":"Inomoplus","description":"","publisher":{"@id":"https:\/\/inomo.ch\/#organization"},"potentialAction":[{"@type":"SearchAction","target":{"@type":"EntryPoint","urlTemplate":"https:\/\/inomo.ch\/?s={search_term_string}"},"query-input":{"@type":"PropertyValueSpecification","valueRequired":true,"valueName":"search_term_string"}}],"inLanguage":"fr-FR"},{"@type":"Organization","@id":"https:\/\/inomo.ch\/#organization","name":"Inomoplus","url":"https:\/\/inomo.ch\/","logo":{"@type":"ImageObject","inLanguage":"fr-FR","@id":"https:\/\/inomo.ch\/#\/schema\/logo\/image\/","url":"https:\/\/inomo.ch\/wp-content\/uploads\/sites\/24\/2024\/03\/inomo_logo_white.svg","contentUrl":"https:\/\/inomo.ch\/wp-content\/uploads\/sites\/24\/2024\/03\/inomo_logo_white.svg","width":600,"height":149,"caption":"Inomoplus"},"image":{"@id":"https:\/\/inomo.ch\/#\/schema\/logo\/image\/"}}]}},"_links":{"self":[{"href":"https:\/\/inomo.ch\/fr\/wp-json\/wp\/v2\/pages\/2458","targetHints":{"allow":["GET"]}}],"collection":[{"href":"https:\/\/inomo.ch\/fr\/wp-json\/wp\/v2\/pages"}],"about":[{"href":"https:\/\/inomo.ch\/fr\/wp-json\/wp\/v2\/types\/page"}],"author":[{"embeddable":true,"href":"https:\/\/inomo.ch\/fr\/wp-json\/wp\/v2\/users\/1"}],"replies":[{"embeddable":true,"href":"https:\/\/inomo.ch\/fr\/wp-json\/wp\/v2\/comments?post=2458"}],"version-history":[{"count":0,"href":"https:\/\/inomo.ch\/fr\/wp-json\/wp\/v2\/pages\/2458\/revisions"}],"wp:attachment":[{"href":"https:\/\/inomo.ch\/fr\/wp-json\/wp\/v2\/media?parent=2458"}],"curies":[{"name":"wp","href":"https:\/\/api.w.org\/{rel}","templated":true}]}}